{"id":22,"date":"2023-09-20T07:58:50","date_gmt":"2023-09-20T05:58:50","guid":{"rendered":"https:\/\/webtube.kritisches.net\/contact\/"},"modified":"2023-09-20T10:23:54","modified_gmt":"2023-09-20T08:23:54","slug":"contact","status":"publish","type":"page","link":"https:\/\/webtube.kritisches.net\/?page_id=22","title":{"rendered":"Kontakt"},"content":{"rendered":"\n<figure class=\"wp-block-image size-full\"><img data-recalc-dims=\"1\"  title=\"\" loading=\"lazy\" decoding=\"async\" width=\"696\" height=\"186\" src=\"https:\/\/i0.wp.com\/webtube.kritisches.net\/wp-content\/uploads\/2023\/09\/Kontakt_Banner.gif?resize=696%2C186&#038;ssl=1\"  alt=\"Kontakt_Banner Kontakt\"  class=\"wp-image-59\"\/><\/figure>\n\n\n\n<div class=\"wpcf7 no-js\" id=\"wpcf7-f57-o1\" lang=\"de-DE\" dir=\"ltr\" data-wpcf7-id=\"57\">\n<div class=\"screen-reader-response\"><p role=\"status\" aria-live=\"polite\" aria-atomic=\"true\"><\/p> <ul><\/ul><\/div>\n<form action=\"\/index.php?rest_route=%2Fwp%2Fv2%2Fpages%2F22#wpcf7-f57-o1\" method=\"post\" class=\"wpcf7-form init\" aria-label=\"Kontaktformular\" novalidate=\"novalidate\" data-status=\"init\">\n<fieldset class=\"hidden-fields-container\"><input type=\"hidden\" name=\"_wpcf7\" value=\"57\" \/><input type=\"hidden\" name=\"_wpcf7_version\" value=\"6.1.5\" \/><input type=\"hidden\" name=\"_wpcf7_locale\" value=\"de_DE\" \/><input type=\"hidden\" name=\"_wpcf7_unit_tag\" value=\"wpcf7-f57-o1\" \/><input type=\"hidden\" name=\"_wpcf7_container_post\" value=\"0\" \/><input type=\"hidden\" name=\"_wpcf7_posted_data_hash\" value=\"\" \/>\n<\/fieldset>\n<p><label> Dein Name<br \/>\n<span class=\"wpcf7-form-control-wrap\" data-name=\"your-name\"><input size=\"40\" maxlength=\"400\" class=\"wpcf7-form-control wpcf7-text wpcf7-validates-as-required\" autocomplete=\"name\" aria-required=\"true\" aria-invalid=\"false\" value=\"\" type=\"text\" name=\"your-name\" \/><\/span> <\/label>\n<\/p>\n<p><label> Deine E-Mail-Adresse<br \/>\n<span class=\"wpcf7-form-control-wrap\" data-name=\"your-email\"><input size=\"40\" maxlength=\"400\" class=\"wpcf7-form-control wpcf7-email wpcf7-validates-as-required wpcf7-text wpcf7-validates-as-email\" autocomplete=\"email\" aria-required=\"true\" aria-invalid=\"false\" value=\"\" type=\"email\" name=\"your-email\" \/><\/span> <\/label>\n<\/p>\n<p><label> Betreff<br \/>\n<span class=\"wpcf7-form-control-wrap\" data-name=\"your-subject\"><input size=\"40\" maxlength=\"400\" class=\"wpcf7-form-control wpcf7-text wpcf7-validates-as-required\" aria-required=\"true\" aria-invalid=\"false\" value=\"\" type=\"text\" name=\"your-subject\" \/><\/span> <\/label>\n<\/p>\n<p><label> Deine Nachricht (optional)<br \/>\n<span class=\"wpcf7-form-control-wrap\" data-name=\"your-message\"><textarea cols=\"40\" rows=\"10\" maxlength=\"2000\" class=\"wpcf7-form-control wpcf7-textarea\" aria-invalid=\"false\" name=\"your-message\"><\/textarea><\/span> <\/label>\n<\/p>\n<p><input class=\"wpcf7-form-control wpcf7-submit has-spinner\" type=\"submit\" value=\"Senden\" \/>\n<\/p><div class=\"wpcf7-response-output\" aria-hidden=\"true\"><\/div>\n<\/form>\n<\/div>\n\n\n\n\n<p><\/p>\n","protected":false},"excerpt":{"rendered":"","protected":false},"author":1,"featured_media":0,"parent":0,"menu_order":0,"comment_status":"closed","ping_status":"closed","template":"template\/template-contact.php","meta":{"footnotes":""},"class_list":["post-22","page","type-page","status-publish","hentry"],"yoast_head":"<!-- This site is optimized with the Yoast SEO plugin v27.4 - https:\/\/yoast.com\/product\/yoast-seo-wordpress\/ -->\n<title>Kontakt - WebTube Kritisches Netzwerk<\/title>\n<meta name=\"robots\" content=\"index, follow, max-snippet:-1, max-image-preview:large, max-video-preview:-1\" \/>\n<link rel=\"canonical\" href=\"https:\/\/webtube.kritisches.net\/?page_id=22\" \/>\n<meta property=\"og:locale\" content=\"de_DE\" \/>\n<meta property=\"og:type\" content=\"article\" \/>\n<meta property=\"og:title\" content=\"Kontakt - WebTube Kritisches Netzwerk\" \/>\n<meta property=\"og:url\" content=\"https:\/\/webtube.kritisches.net\/?page_id=22\" \/>\n<meta property=\"og:site_name\" content=\"WebTube Kritisches Netzwerk\" \/>\n<meta property=\"article:modified_time\" content=\"2023-09-20T08:23:54+00:00\" \/>\n<meta property=\"og:image\" content=\"https:\/\/webtube.kritisches.net\/wp-content\/uploads\/2023\/09\/Kontakt_Banner.gif\" \/>\n<meta name=\"twitter:card\" content=\"summary_large_image\" \/>\n<script type=\"application\/ld+json\" class=\"yoast-schema-graph\">{\"@context\":\"https:\\\/\\\/schema.org\",\"@graph\":[{\"@type\":\"WebPage\",\"@id\":\"https:\\\/\\\/webtube.kritisches.net\\\/?page_id=22\",\"url\":\"https:\\\/\\\/webtube.kritisches.net\\\/?page_id=22\",\"name\":\"Kontakt - WebTube Kritisches Netzwerk\",\"isPartOf\":{\"@id\":\"https:\\\/\\\/webtube.kritisches.net\\\/#website\"},\"primaryImageOfPage\":{\"@id\":\"https:\\\/\\\/webtube.kritisches.net\\\/?page_id=22#primaryimage\"},\"image\":{\"@id\":\"https:\\\/\\\/webtube.kritisches.net\\\/?page_id=22#primaryimage\"},\"thumbnailUrl\":\"https:\\\/\\\/webtube.kritisches.net\\\/wp-content\\\/uploads\\\/2023\\\/09\\\/Kontakt_Banner.gif\",\"datePublished\":\"2023-09-20T05:58:50+00:00\",\"dateModified\":\"2023-09-20T08:23:54+00:00\",\"breadcrumb\":{\"@id\":\"https:\\\/\\\/webtube.kritisches.net\\\/?page_id=22#breadcrumb\"},\"inLanguage\":\"de\",\"potentialAction\":[{\"@type\":\"ReadAction\",\"target\":[\"https:\\\/\\\/webtube.kritisches.net\\\/?page_id=22\"]}]},{\"@type\":\"ImageObject\",\"inLanguage\":\"de\",\"@id\":\"https:\\\/\\\/webtube.kritisches.net\\\/?page_id=22#primaryimage\",\"url\":\"https:\\\/\\\/i0.wp.com\\\/webtube.kritisches.net\\\/wp-content\\\/uploads\\\/2023\\\/09\\\/Kontakt_Banner.gif?fit=760%2C203&ssl=1\",\"contentUrl\":\"https:\\\/\\\/i0.wp.com\\\/webtube.kritisches.net\\\/wp-content\\\/uploads\\\/2023\\\/09\\\/Kontakt_Banner.gif?fit=760%2C203&ssl=1\",\"width\":760,\"height\":203},{\"@type\":\"BreadcrumbList\",\"@id\":\"https:\\\/\\\/webtube.kritisches.net\\\/?page_id=22#breadcrumb\",\"itemListElement\":[{\"@type\":\"ListItem\",\"position\":1,\"name\":\"Startseite\",\"item\":\"https:\\\/\\\/webtube.kritisches.net\\\/\"},{\"@type\":\"ListItem\",\"position\":2,\"name\":\"Kontakt\"}]},{\"@type\":\"WebSite\",\"@id\":\"https:\\\/\\\/webtube.kritisches.net\\\/#website\",\"url\":\"https:\\\/\\\/webtube.kritisches.net\\\/\",\"name\":\"WebTube Kritisches Netzwerk\",\"description\":\"Videosammlung\",\"potentialAction\":[{\"@type\":\"SearchAction\",\"target\":{\"@type\":\"EntryPoint\",\"urlTemplate\":\"https:\\\/\\\/webtube.kritisches.net\\\/?s={search_term_string}\"},\"query-input\":{\"@type\":\"PropertyValueSpecification\",\"valueRequired\":true,\"valueName\":\"search_term_string\"}}],\"inLanguage\":\"de\"}]}<\/script>\n<!-- \/ Yoast SEO plugin. -->","yoast_head_json":{"title":"Kontakt - WebTube Kritisches Netzwerk","robots":{"index":"index","follow":"follow","max-snippet":"max-snippet:-1","max-image-preview":"max-image-preview:large","max-video-preview":"max-video-preview:-1"},"canonical":"https:\/\/webtube.kritisches.net\/?page_id=22","og_locale":"de_DE","og_type":"article","og_title":"Kontakt - WebTube Kritisches Netzwerk","og_url":"https:\/\/webtube.kritisches.net\/?page_id=22","og_site_name":"WebTube Kritisches Netzwerk","article_modified_time":"2023-09-20T08:23:54+00:00","og_image":[{"url":"https:\/\/webtube.kritisches.net\/wp-content\/uploads\/2023\/09\/Kontakt_Banner.gif","type":"","width":"","height":""}],"twitter_card":"summary_large_image","schema":{"@context":"https:\/\/schema.org","@graph":[{"@type":"WebPage","@id":"https:\/\/webtube.kritisches.net\/?page_id=22","url":"https:\/\/webtube.kritisches.net\/?page_id=22","name":"Kontakt - WebTube Kritisches Netzwerk","isPartOf":{"@id":"https:\/\/webtube.kritisches.net\/#website"},"primaryImageOfPage":{"@id":"https:\/\/webtube.kritisches.net\/?page_id=22#primaryimage"},"image":{"@id":"https:\/\/webtube.kritisches.net\/?page_id=22#primaryimage"},"thumbnailUrl":"https:\/\/webtube.kritisches.net\/wp-content\/uploads\/2023\/09\/Kontakt_Banner.gif","datePublished":"2023-09-20T05:58:50+00:00","dateModified":"2023-09-20T08:23:54+00:00","breadcrumb":{"@id":"https:\/\/webtube.kritisches.net\/?page_id=22#breadcrumb"},"inLanguage":"de","potentialAction":[{"@type":"ReadAction","target":["https:\/\/webtube.kritisches.net\/?page_id=22"]}]},{"@type":"ImageObject","inLanguage":"de","@id":"https:\/\/webtube.kritisches.net\/?page_id=22#primaryimage","url":"https:\/\/i0.wp.com\/webtube.kritisches.net\/wp-content\/uploads\/2023\/09\/Kontakt_Banner.gif?fit=760%2C203&ssl=1","contentUrl":"https:\/\/i0.wp.com\/webtube.kritisches.net\/wp-content\/uploads\/2023\/09\/Kontakt_Banner.gif?fit=760%2C203&ssl=1","width":760,"height":203},{"@type":"BreadcrumbList","@id":"https:\/\/webtube.kritisches.net\/?page_id=22#breadcrumb","itemListElement":[{"@type":"ListItem","position":1,"name":"Startseite","item":"https:\/\/webtube.kritisches.net\/"},{"@type":"ListItem","position":2,"name":"Kontakt"}]},{"@type":"WebSite","@id":"https:\/\/webtube.kritisches.net\/#website","url":"https:\/\/webtube.kritisches.net\/","name":"WebTube Kritisches Netzwerk","description":"Videosammlung","potentialAction":[{"@type":"SearchAction","target":{"@type":"EntryPoint","urlTemplate":"https:\/\/webtube.kritisches.net\/?s={search_term_string}"},"query-input":{"@type":"PropertyValueSpecification","valueRequired":true,"valueName":"search_term_string"}}],"inLanguage":"de"}]}},"jetpack-related-posts":[{"id":3,"url":"https:\/\/webtube.kritisches.net\/?page_id=3","url_meta":{"origin":22,"position":0},"title":"Datenschutzerkl\u00e4rung","author":"Ingo Trost","date":"20. September 2023","format":false,"excerpt":"1. Datenschutz auf einen Blick Allgemeine Hinweise Die folgenden Hinweise geben einen einfachen \u00dcberblick dar\u00fcber, was mit Ihren personenbezogenen Daten passiert, wenn Sie diese Website besuchen. Personenbezogene Daten sind alle Daten, mit denen Sie pers\u00f6nlich identifiziert werden k\u00f6nnen. Ausf\u00fchrliche Informationen zum Thema Datenschutz entnehmen Sie unserer unter diesem Text aufgef\u00fchrten\u2026","rel":"","context":"\u00c4hnlicher Beitrag","block_context":{"text":"\u00c4hnlicher Beitrag","link":""},"img":{"alt_text":"","src":"https:\/\/i0.wp.com\/webtube.kritisches.net\/wp-content\/uploads\/2023\/09\/Datensicherheit-und-Datensicherung.jpg?fit=1200%2C737&ssl=1&resize=350%2C200","width":350,"height":200,"srcset":"https:\/\/i0.wp.com\/webtube.kritisches.net\/wp-content\/uploads\/2023\/09\/Datensicherheit-und-Datensicherung.jpg?fit=1200%2C737&ssl=1&resize=350%2C200 1x, https:\/\/i0.wp.com\/webtube.kritisches.net\/wp-content\/uploads\/2023\/09\/Datensicherheit-und-Datensicherung.jpg?fit=1200%2C737&ssl=1&resize=525%2C300 1.5x, https:\/\/i0.wp.com\/webtube.kritisches.net\/wp-content\/uploads\/2023\/09\/Datensicherheit-und-Datensicherung.jpg?fit=1200%2C737&ssl=1&resize=700%2C400 2x, https:\/\/i0.wp.com\/webtube.kritisches.net\/wp-content\/uploads\/2023\/09\/Datensicherheit-und-Datensicherung.jpg?fit=1200%2C737&ssl=1&resize=1050%2C600 3x"},"classes":[]},{"id":68,"url":"https:\/\/webtube.kritisches.net\/?page_id=68","url_meta":{"origin":22,"position":1},"title":"Social Links","author":"Ingo Trost","date":"20. September 2023","format":false,"excerpt":"Ich bin auch in den sozialen Medien sehr aktiv und m\u00f6chte auch hier gefunden werden: Privates Portfolio https:\/\/ingotrost.de LinkedIn https:\/\/www.linkedin.com\/in... Twitter jetzt X https:\/\/twitter.com\/... Instagram https:\/\/www.instagram.com\/... Pinterest https:\/\/www.pinterest.de\/... OdySee Videos https:\/\/odysee.com\/... YouTube Kanal https:\/\/www.youtube.com\/... tumblr https:\/\/ursache-wirkung.tumblr.com\/ Soundcloud Kanal https:\/\/soundcloud.com\/... VKontakte https:\/\/vk.com\/Ingo.Trost TELGRAM: Kritisches Netzwerk https:\/\/t.me\/vollekannetrost Diskussionskanal https:\/\/t.me\/kritische_diskurse Ursache & Wirkung\u2026","rel":"","context":"\u00c4hnlicher Beitrag","block_context":{"text":"\u00c4hnlicher Beitrag","link":""},"img":{"alt_text":"","src":"https:\/\/i0.wp.com\/webtube.kritisches.net\/wp-content\/uploads\/social-media-links.png?fit=512%2C512&ssl=1&resize=350%2C200","width":350,"height":200},"classes":[]},{"id":48,"url":"https:\/\/webtube.kritisches.net\/?page_id=48","url_meta":{"origin":22,"position":2},"title":"Impressum","author":"Ingo Trost","date":"20. September 2023","format":false,"excerpt":"Angaben gem\u00e4\u00df \u00a7 5 TMG: Kritisches Netzwerk auf \"webtube.kritisches.net\"Ingo TrostPappelweg 753757 Sankt Augustin Kontakt: Telefon:wird nicht ver\u00f6ffentlicht!E-Mail:info[at]kritisches[dot]net Verantwortlich f\u00fcr den Inhalt nach \u00a7 55 Abs. 2 RStV: Da hier mehrere Personen schreiben und publizieren, sind die jeweiligen Autoren f\u00fcr deren Inhalte verantwortlich! Quelle:\u00a0eRecht24 Haftungsausschluss (Disclaimer) Haftung f\u00fcr Inhalte Als Diensteanbieter\u2026","rel":"","context":"\u00c4hnlicher Beitrag","block_context":{"text":"\u00c4hnlicher Beitrag","link":""},"img":{"alt_text":"","src":"https:\/\/i0.wp.com\/webtube.kritisches.net\/wp-content\/uploads\/2023\/09\/header_impressum.jpg?fit=1160%2C220&ssl=1&resize=350%2C200","width":350,"height":200,"srcset":"https:\/\/i0.wp.com\/webtube.kritisches.net\/wp-content\/uploads\/2023\/09\/header_impressum.jpg?fit=1160%2C220&ssl=1&resize=350%2C200 1x, https:\/\/i0.wp.com\/webtube.kritisches.net\/wp-content\/uploads\/2023\/09\/header_impressum.jpg?fit=1160%2C220&ssl=1&resize=525%2C300 1.5x, https:\/\/i0.wp.com\/webtube.kritisches.net\/wp-content\/uploads\/2023\/09\/header_impressum.jpg?fit=1160%2C220&ssl=1&resize=700%2C400 2x, https:\/\/i0.wp.com\/webtube.kritisches.net\/wp-content\/uploads\/2023\/09\/header_impressum.jpg?fit=1160%2C220&ssl=1&resize=1050%2C600 3x"},"classes":[]}],"jetpack_sharing_enabled":true,"_links":{"self":[{"href":"https:\/\/webtube.kritisches.net\/index.php?rest_route=\/wp\/v2\/pages\/22","targetHints":{"allow":["GET"]}}],"collection":[{"href":"https:\/\/webtube.kritisches.net\/index.php?rest_route=\/wp\/v2\/pages"}],"about":[{"href":"https:\/\/webtube.kritisches.net\/index.php?rest_route=\/wp\/v2\/types\/page"}],"author":[{"embeddable":true,"href":"https:\/\/webtube.kritisches.net\/index.php?rest_route=\/wp\/v2\/users\/1"}],"replies":[{"embeddable":true,"href":"https:\/\/webtube.kritisches.net\/index.php?rest_route=%2Fwp%2Fv2%2Fcomments&post=22"}],"version-history":[{"count":3,"href":"https:\/\/webtube.kritisches.net\/index.php?rest_route=\/wp\/v2\/pages\/22\/revisions"}],"predecessor-version":[{"id":60,"href":"https:\/\/webtube.kritisches.net\/index.php?rest_route=\/wp\/v2\/pages\/22\/revisions\/60"}],"wp:attachment":[{"href":"https:\/\/webtube.kritisches.net\/index.php?rest_route=%2Fwp%2Fv2%2Fmedia&parent=22"}],"curies":[{"name":"wp","href":"https:\/\/api.w.org\/{rel}","templated":true}]}}