{"id":68,"date":"2023-09-20T10:56:15","date_gmt":"2023-09-20T08:56:15","guid":{"rendered":"https:\/\/webtube.kritisches.net\/?page_id=68"},"modified":"2025-08-08T23:04:59","modified_gmt":"2025-08-08T21:04:59","slug":"social-links","status":"publish","type":"page","link":"https:\/\/webtube.kritisches.net\/?page_id=68","title":{"rendered":"Social Links"},"content":{"rendered":"\n<p>Ich bin auch in den sozialen Medien sehr aktiv und m\u00f6chte auch hier gefunden werden:<\/p>\n\n\n\n<p><\/p>\n\n\n\n<div class=\"wp-block-columns is-layout-flex wp-container-core-columns-is-layout-9d6595d7 wp-block-columns-is-layout-flex\">\n<div class=\"wp-block-column is-layout-flow wp-block-column-is-layout-flow\" style=\"flex-basis:30%\">\n<div class=\"wp-block-media-text is-stacked-on-mobile\" style=\"grid-template-columns:15% auto\"><figure class=\"wp-block-media-text__media\"><img data-recalc-dims=\"1\"  title=\"\" decoding=\"async\" src=\"https:\/\/i0.wp.com\/kritisches.net\/wp-content\/uploads\/2023\/09\/ingotrost-1.png?w=696&#038;ssl=1\"  alt=\"ingotrost-1 Social Links\"  class=\"wp-image-11533 size-full\"\/><\/figure><div class=\"wp-block-media-text__content\">\n<p>Privates Portfolio<\/p>\n<\/div><\/div>\n<\/div>\n\n\n\n<div class=\"wp-block-column is-vertically-aligned-center is-layout-flow wp-block-column-is-layout-flow\" style=\"flex-basis:50%\">\n<p><a href=\"https:\/\/ingotrost.de\" target=\"_blank\" rel=\"noopener\" title=\"\">https:\/\/ingotrost.de<\/a><\/p>\n<\/div>\n<\/div>\n\n\n\n<div class=\"wp-block-columns is-layout-flex wp-container-core-columns-is-layout-9d6595d7 wp-block-columns-is-layout-flex\">\n<div class=\"wp-block-column is-layout-flow wp-block-column-is-layout-flow\" style=\"flex-basis:30%\">\n<div class=\"wp-block-media-text is-stacked-on-mobile\" style=\"grid-template-columns:15% auto\"><figure class=\"wp-block-media-text__media\"><img data-recalc-dims=\"1\"  title=\"\" decoding=\"async\" src=\"https:\/\/i0.wp.com\/kritisches.net\/wp-content\/uploads\/2023\/09\/linkedin.png?w=696&#038;ssl=1\"  alt=\"linkedin Social Links\"  class=\"wp-image-11593 size-full\"\/><\/figure><div class=\"wp-block-media-text__content\">\n<p>LinkedIn<\/p>\n<\/div><\/div>\n<\/div>\n\n\n\n<div class=\"wp-block-column is-vertically-aligned-center is-layout-flow wp-block-column-is-layout-flow\" style=\"flex-basis:50%\">\n<p><a href=\"https:\/\/www.linkedin.com\/in\/ingo-trost-31a888233\/\" target=\"_blank\" rel=\"noopener\" title=\"\">https:\/\/www.linkedin.com\/in&#8230;<\/a><\/p>\n<\/div>\n<\/div>\n\n\n\n<div class=\"wp-block-columns is-layout-flex wp-container-core-columns-is-layout-9d6595d7 wp-block-columns-is-layout-flex\">\n<div class=\"wp-block-column is-layout-flow wp-block-column-is-layout-flow\" style=\"flex-basis:30%\">\n<div class=\"wp-block-media-text is-stacked-on-mobile\" style=\"grid-template-columns:15% auto\"><figure class=\"wp-block-media-text__media\"><img data-recalc-dims=\"1\"  title=\"\" decoding=\"async\" src=\"https:\/\/i0.wp.com\/kritisches.net\/wp-content\/uploads\/2023\/09\/x.png?w=696&#038;ssl=1\"  alt=\"x Social Links\"  class=\"wp-image-11540 size-full\"\/><\/figure><div class=\"wp-block-media-text__content\">\n<p>Twitter jetzt X<\/p>\n<\/div><\/div>\n<\/div>\n\n\n\n<div class=\"wp-block-column is-vertically-aligned-center is-layout-flow wp-block-column-is-layout-flow\" style=\"flex-basis:50%\">\n<p><a href=\"https:\/\/twitter.com\/TrostIngo\" target=\"_blank\" rel=\"noopener\" title=\"\">https:\/\/twitter.com\/&#8230;<\/a><\/p>\n<\/div>\n<\/div>\n\n\n\n<div class=\"wp-block-columns is-layout-flex wp-container-core-columns-is-layout-9d6595d7 wp-block-columns-is-layout-flex\">\n<div class=\"wp-block-column is-layout-flow wp-block-column-is-layout-flow\" style=\"flex-basis:30%\">\n<div class=\"wp-block-media-text is-stacked-on-mobile\" style=\"grid-template-columns:15% auto\"><figure class=\"wp-block-media-text__media\"><img data-recalc-dims=\"1\"  title=\"\" decoding=\"async\" src=\"https:\/\/i0.wp.com\/kritisches.net\/wp-content\/uploads\/2023\/09\/instagram.png?w=696&#038;ssl=1\"  alt=\"instagram Social Links\"  class=\"wp-image-11543 size-full\"\/><\/figure><div class=\"wp-block-media-text__content\">\n<p>Instagram<\/p>\n<\/div><\/div>\n<\/div>\n\n\n\n<div class=\"wp-block-column is-vertically-aligned-center is-layout-flow wp-block-column-is-layout-flow\" style=\"flex-basis:50%\">\n<p><a href=\"https:\/\/www.instagram.com\/ingo_trost\/\" target=\"_blank\" rel=\"noopener\" title=\"\">https:\/\/www.instagram.com\/&#8230;<\/a><\/p>\n<\/div>\n<\/div>\n\n\n\n<div class=\"wp-block-columns is-layout-flex wp-container-core-columns-is-layout-9d6595d7 wp-block-columns-is-layout-flex\">\n<div class=\"wp-block-column is-layout-flow wp-block-column-is-layout-flow\" style=\"flex-basis:30%\">\n<div class=\"wp-block-media-text is-stacked-on-mobile\" style=\"grid-template-columns:15% auto\"><figure class=\"wp-block-media-text__media\"><img data-recalc-dims=\"1\"  title=\"\" decoding=\"async\" src=\"https:\/\/i0.wp.com\/kritisches.net\/wp-content\/uploads\/2023\/09\/pinterest.png?w=696&#038;ssl=1\"  alt=\"pinterest Social Links\"  class=\"wp-image-11544 size-full\"\/><\/figure><div class=\"wp-block-media-text__content\">\n<p>Pinterest<\/p>\n<\/div><\/div>\n<\/div>\n\n\n\n<div class=\"wp-block-column is-vertically-aligned-center is-layout-flow wp-block-column-is-layout-flow\" style=\"flex-basis:50%\">\n<p><a href=\"https:\/\/www.pinterest.de\/ingotrost\/\" target=\"_blank\" rel=\"noopener\" title=\"\">https:\/\/www.pinterest.de\/&#8230;<\/a><\/p>\n<\/div>\n<\/div>\n\n\n\n<div class=\"wp-block-columns is-layout-flex wp-container-core-columns-is-layout-9d6595d7 wp-block-columns-is-layout-flex\">\n<div class=\"wp-block-column is-layout-flow wp-block-column-is-layout-flow\" style=\"flex-basis:30%\">\n<div class=\"wp-block-media-text is-stacked-on-mobile\" style=\"grid-template-columns:15% auto\"><figure class=\"wp-block-media-text__media\"><img data-recalc-dims=\"1\"  title=\"\" decoding=\"async\" src=\"https:\/\/i0.wp.com\/kritisches.net\/wp-content\/uploads\/2023\/09\/odysee-1.png?w=696&#038;ssl=1\"  alt=\"odysee-1 Social Links\"  class=\"wp-image-11545 size-full\"\/><\/figure><div class=\"wp-block-media-text__content\">\n<p>OdySee Videos<\/p>\n<\/div><\/div>\n<\/div>\n\n\n\n<div class=\"wp-block-column is-vertically-aligned-center is-layout-flow wp-block-column-is-layout-flow\" style=\"flex-basis:50%\">\n<p><a href=\"https:\/\/odysee.com\/@vollekannetrost:1\" target=\"_blank\" rel=\"noopener\" title=\"\">https:\/\/odysee.com\/&#8230;<\/a><\/p>\n<\/div>\n<\/div>\n\n\n\n<div class=\"wp-block-columns is-layout-flex wp-container-core-columns-is-layout-9d6595d7 wp-block-columns-is-layout-flex\">\n<div class=\"wp-block-column is-layout-flow wp-block-column-is-layout-flow\" style=\"flex-basis:30%\">\n<div class=\"wp-block-media-text is-stacked-on-mobile\" style=\"grid-template-columns:15% auto\"><figure class=\"wp-block-media-text__media\"><img data-recalc-dims=\"1\"  title=\"\" decoding=\"async\" src=\"https:\/\/i0.wp.com\/kritisches.net\/wp-content\/uploads\/2023\/09\/youtube-1.png?w=696&#038;ssl=1\"  alt=\"youtube-1 Social Links\"  class=\"wp-image-11547 size-full\"\/><\/figure><div class=\"wp-block-media-text__content\">\n<p>YouTube Kanal<\/p>\n<\/div><\/div>\n<\/div>\n\n\n\n<div class=\"wp-block-column is-vertically-aligned-center is-layout-flow wp-block-column-is-layout-flow\" style=\"flex-basis:50%\">\n<p><a href=\"https:\/\/www.youtube.com\/@IngoTrost\" target=\"_blank\" rel=\"noopener\" title=\"\">https:\/\/www.youtube.com\/&#8230;<\/a><\/p>\n<\/div>\n<\/div>\n\n\n\n<div class=\"wp-block-columns is-layout-flex wp-container-core-columns-is-layout-9d6595d7 wp-block-columns-is-layout-flex\">\n<div class=\"wp-block-column is-layout-flow wp-block-column-is-layout-flow\" style=\"flex-basis:30%\">\n<div class=\"wp-block-media-text is-stacked-on-mobile\" style=\"grid-template-columns:15% auto\"><figure class=\"wp-block-media-text__media\"><img data-recalc-dims=\"1\"  title=\"\" decoding=\"async\" src=\"https:\/\/i0.wp.com\/kritisches.net\/wp-content\/uploads\/2023\/09\/tumblr.png?w=696&#038;ssl=1\"  alt=\"tumblr Social Links\"  class=\"wp-image-11549 size-full\"\/><\/figure><div class=\"wp-block-media-text__content\">\n<p>tumblr<\/p>\n<\/div><\/div>\n<\/div>\n\n\n\n<div class=\"wp-block-column is-vertically-aligned-center is-layout-flow wp-block-column-is-layout-flow\" style=\"flex-basis:50%\">\n<p><a href=\"https:\/\/ursache-wirkung.tumblr.com\/\" target=\"_blank\" rel=\"noopener\" title=\"\">https:\/\/ursache-wirkung.tumblr.com\/<\/a><\/p>\n<\/div>\n<\/div>\n\n\n\n<div class=\"wp-block-columns is-layout-flex wp-container-core-columns-is-layout-9d6595d7 wp-block-columns-is-layout-flex\">\n<div class=\"wp-block-column is-layout-flow wp-block-column-is-layout-flow\" style=\"flex-basis:30%\">\n<div class=\"wp-block-media-text is-stacked-on-mobile\" style=\"grid-template-columns:15% auto\"><figure class=\"wp-block-media-text__media\"><img data-recalc-dims=\"1\"  title=\"\" decoding=\"async\" src=\"https:\/\/i0.wp.com\/kritisches.net\/wp-content\/uploads\/2023\/09\/soundcloud.png?w=696&#038;ssl=1\"  alt=\"soundcloud Social Links\"  class=\"wp-image-11551 size-full\"\/><\/figure><div class=\"wp-block-media-text__content\">\n<p>Soundcloud Kanal<\/p>\n<\/div><\/div>\n<\/div>\n\n\n\n<div class=\"wp-block-column is-vertically-aligned-center is-layout-flow wp-block-column-is-layout-flow\" style=\"flex-basis:50%\">\n<p><a href=\"https:\/\/soundcloud.com\/ingos_kanal\" target=\"_blank\" rel=\"noopener\" title=\"\">https:\/\/soundcloud.com\/&#8230;<\/a><\/p>\n<\/div>\n<\/div>\n\n\n\n<div class=\"wp-block-columns is-layout-flex wp-container-core-columns-is-layout-9d6595d7 wp-block-columns-is-layout-flex\">\n<div class=\"wp-block-column is-layout-flow wp-block-column-is-layout-flow\" style=\"flex-basis:30%\">\n<div class=\"wp-block-media-text is-stacked-on-mobile\" style=\"grid-template-columns:15% auto\"><figure class=\"wp-block-media-text__media\"><img data-recalc-dims=\"1\"  title=\"\" decoding=\"async\" src=\"https:\/\/i0.wp.com\/kritisches.net\/wp-content\/uploads\/2023\/09\/vk.png?w=696&#038;ssl=1\"  alt=\"vk Social Links\"  class=\"wp-image-11552 size-full\"\/><\/figure><div class=\"wp-block-media-text__content\">\n<p>VKontakte<\/p>\n<\/div><\/div>\n<\/div>\n\n\n\n<div class=\"wp-block-column is-vertically-aligned-center is-layout-flow wp-block-column-is-layout-flow\">\n<p><a href=\"https:\/\/vk.com\/Ingo.Trost\" target=\"_blank\" rel=\"noopener\" title=\"\">https:\/\/vk.com\/Ingo.Trost<\/a><\/p>\n<\/div>\n<\/div>\n\n\n\n<p><\/p>\n\n\n\n<p><strong>TELGRAM:<\/strong><\/p>\n\n\n\n<p><\/p>\n\n\n\n<div class=\"wp-block-columns is-layout-flex wp-container-core-columns-is-layout-9d6595d7 wp-block-columns-is-layout-flex\">\n<div class=\"wp-block-column is-layout-flow wp-block-column-is-layout-flow\" style=\"flex-basis:30%\">\n<div class=\"wp-block-media-text is-stacked-on-mobile\" style=\"grid-template-columns:15% auto\"><figure class=\"wp-block-media-text__media\"><img data-recalc-dims=\"1\"  title=\"\" decoding=\"async\" src=\"https:\/\/i0.wp.com\/kritisches.net\/wp-content\/uploads\/2023\/09\/telegram.png?w=696&#038;ssl=1\"  alt=\"telegram Social Links\"  class=\"wp-image-11554 size-full\"\/><\/figure><div class=\"wp-block-media-text__content\">\n<p>Kritisches Netzwerk<\/p>\n<\/div><\/div>\n<\/div>\n\n\n\n<div class=\"wp-block-column is-vertically-aligned-center is-layout-flow wp-block-column-is-layout-flow\">\n<p><a href=\"https:\/\/t.me\/vollekannetrost\" target=\"_blank\" rel=\"noopener\" title=\"\">https:\/\/t.me\/vollekannetrost<\/a><\/p>\n<\/div>\n<\/div>\n\n\n\n<div class=\"wp-block-columns is-layout-flex wp-container-core-columns-is-layout-9d6595d7 wp-block-columns-is-layout-flex\">\n<div class=\"wp-block-column is-layout-flow wp-block-column-is-layout-flow\" style=\"flex-basis:30%\">\n<div class=\"wp-block-media-text is-stacked-on-mobile\" style=\"grid-template-columns:15% auto\"><figure class=\"wp-block-media-text__media\"><img data-recalc-dims=\"1\"  title=\"\" decoding=\"async\" src=\"https:\/\/i0.wp.com\/kritisches.net\/wp-content\/uploads\/2023\/09\/telegram.png?w=696&#038;ssl=1\"  alt=\"telegram Social Links\"  class=\"wp-image-11554 size-full\"\/><\/figure><div class=\"wp-block-media-text__content\">\n<p>Diskussionskanal<\/p>\n<\/div><\/div>\n<\/div>\n\n\n\n<div class=\"wp-block-column is-vertically-aligned-center is-layout-flow wp-block-column-is-layout-flow\">\n<p><a href=\"https:\/\/t.me\/kritische_diskurse\" target=\"_blank\" rel=\"noreferrer noopener\">https:\/\/t.me\/kritische_diskurse<\/a><\/p>\n<\/div>\n<\/div>\n\n\n\n<div class=\"wp-block-columns is-layout-flex wp-container-core-columns-is-layout-9d6595d7 wp-block-columns-is-layout-flex\">\n<div class=\"wp-block-column is-layout-flow wp-block-column-is-layout-flow\" style=\"flex-basis:30%\">\n<div class=\"wp-block-media-text is-stacked-on-mobile\" style=\"grid-template-columns:15% auto\"><figure class=\"wp-block-media-text__media\"><img data-recalc-dims=\"1\"  title=\"\" decoding=\"async\" src=\"https:\/\/i0.wp.com\/kritisches.net\/wp-content\/uploads\/2023\/09\/telegram.png?w=696&#038;ssl=1\"  alt=\"telegram Social Links\"  class=\"wp-image-11554 size-full\"\/><\/figure><div class=\"wp-block-media-text__content\">\n<p>Ursache &amp; Wirkung<\/p>\n<\/div><\/div>\n<\/div>\n\n\n\n<div class=\"wp-block-column is-vertically-aligned-center is-layout-flow wp-block-column-is-layout-flow\">\n<p><a href=\"https:\/\/t.me\/ursacheundwirkung\" target=\"_blank\" rel=\"noopener\" title=\"\">https:\/\/t.me\/ursacheundwirkung<\/a><\/p>\n<\/div>\n<\/div>\n\n\n\n<p><\/p>\n","protected":false},"excerpt":{"rendered":"<p>Ich bin auch in den sozialen Medien sehr aktiv und m\u00f6chte auch hier gefunden werden: Privates Portfolio https:\/\/ingotrost.de LinkedIn https:\/\/www.linkedin.com\/in&#8230; Twitter jetzt X https:\/\/twitter.com\/&#8230; Instagram https:\/\/www.instagram.com\/&#8230; Pinterest https:\/\/www.pinterest.de\/&#8230; OdySee Videos https:\/\/odysee.com\/&#8230; YouTube Kanal https:\/\/www.youtube.com\/&#8230; tumblr https:\/\/ursache-wirkung.tumblr.com\/ Soundcloud Kanal https:\/\/soundcloud.com\/&#8230; VKontakte https:\/\/vk.com\/Ingo.Trost TELGRAM: Kritisches Netzwerk https:\/\/t.me\/vollekannetrost Diskussionskanal https:\/\/t.me\/kritische_diskurse Ursache &amp; Wirkung https:\/\/t.me\/ursacheundwirkung<\/p>\n","protected":false},"author":1,"featured_media":69,"parent":0,"menu_order":0,"comment_status":"closed","ping_status":"closed","template":"","meta":{"footnotes":""},"class_list":["post-68","page","type-page","status-publish","has-post-thumbnail","hentry"],"yoast_head":"<!-- This site is optimized with the Yoast SEO plugin v27.4 - https:\/\/yoast.com\/product\/yoast-seo-wordpress\/ -->\n<title>Social Links - WebTube Kritisches Netzwerk<\/title>\n<meta name=\"robots\" content=\"index, follow, max-snippet:-1, max-image-preview:large, max-video-preview:-1\" \/>\n<link rel=\"canonical\" href=\"https:\/\/webtube.kritisches.net\/?page_id=68\" \/>\n<meta property=\"og:locale\" content=\"de_DE\" \/>\n<meta property=\"og:type\" content=\"article\" \/>\n<meta property=\"og:title\" content=\"Social Links - WebTube Kritisches Netzwerk\" \/>\n<meta property=\"og:description\" content=\"Ich bin auch in den sozialen Medien sehr aktiv und m\u00f6chte auch hier gefunden werden: Privates Portfolio https:\/\/ingotrost.de LinkedIn https:\/\/www.linkedin.com\/in&#8230; Twitter jetzt X https:\/\/twitter.com\/&#8230; Instagram https:\/\/www.instagram.com\/&#8230; Pinterest https:\/\/www.pinterest.de\/&#8230; OdySee Videos https:\/\/odysee.com\/&#8230; YouTube Kanal https:\/\/www.youtube.com\/&#8230; tumblr https:\/\/ursache-wirkung.tumblr.com\/ Soundcloud Kanal https:\/\/soundcloud.com\/&#8230; VKontakte https:\/\/vk.com\/Ingo.Trost TELGRAM: Kritisches Netzwerk https:\/\/t.me\/vollekannetrost Diskussionskanal https:\/\/t.me\/kritische_diskurse Ursache &amp; Wirkung https:\/\/t.me\/ursacheundwirkung\" \/>\n<meta property=\"og:url\" content=\"https:\/\/webtube.kritisches.net\/?page_id=68\" \/>\n<meta property=\"og:site_name\" content=\"WebTube Kritisches Netzwerk\" \/>\n<meta property=\"article:modified_time\" content=\"2025-08-08T21:04:59+00:00\" \/>\n<meta property=\"og:image\" content=\"https:\/\/webtube.kritisches.net\/wp-content\/uploads\/social-media-links.png\" \/>\n\t<meta property=\"og:image:width\" content=\"512\" \/>\n\t<meta property=\"og:image:height\" content=\"512\" \/>\n\t<meta property=\"og:image:type\" content=\"image\/png\" \/>\n<meta name=\"twitter:card\" content=\"summary_large_image\" \/>\n<meta name=\"twitter:label1\" content=\"Gesch\u00e4tzte Lesezeit\" \/>\n\t<meta name=\"twitter:data1\" content=\"4\u00a0Minuten\" \/>\n<script type=\"application\/ld+json\" class=\"yoast-schema-graph\">{\"@context\":\"https:\\\/\\\/schema.org\",\"@graph\":[{\"@type\":\"WebPage\",\"@id\":\"https:\\\/\\\/webtube.kritisches.net\\\/?page_id=68\",\"url\":\"https:\\\/\\\/webtube.kritisches.net\\\/?page_id=68\",\"name\":\"Social Links - WebTube Kritisches Netzwerk\",\"isPartOf\":{\"@id\":\"https:\\\/\\\/webtube.kritisches.net\\\/#website\"},\"primaryImageOfPage\":{\"@id\":\"https:\\\/\\\/webtube.kritisches.net\\\/?page_id=68#primaryimage\"},\"image\":{\"@id\":\"https:\\\/\\\/webtube.kritisches.net\\\/?page_id=68#primaryimage\"},\"thumbnailUrl\":\"https:\\\/\\\/i0.wp.com\\\/webtube.kritisches.net\\\/wp-content\\\/uploads\\\/social-media-links.png?fit=512%2C512&ssl=1\",\"datePublished\":\"2023-09-20T08:56:15+00:00\",\"dateModified\":\"2025-08-08T21:04:59+00:00\",\"breadcrumb\":{\"@id\":\"https:\\\/\\\/webtube.kritisches.net\\\/?page_id=68#breadcrumb\"},\"inLanguage\":\"de\",\"potentialAction\":[{\"@type\":\"ReadAction\",\"target\":[\"https:\\\/\\\/webtube.kritisches.net\\\/?page_id=68\"]}]},{\"@type\":\"ImageObject\",\"inLanguage\":\"de\",\"@id\":\"https:\\\/\\\/webtube.kritisches.net\\\/?page_id=68#primaryimage\",\"url\":\"https:\\\/\\\/i0.wp.com\\\/webtube.kritisches.net\\\/wp-content\\\/uploads\\\/social-media-links.png?fit=512%2C512&ssl=1\",\"contentUrl\":\"https:\\\/\\\/i0.wp.com\\\/webtube.kritisches.net\\\/wp-content\\\/uploads\\\/social-media-links.png?fit=512%2C512&ssl=1\",\"width\":512,\"height\":512},{\"@type\":\"BreadcrumbList\",\"@id\":\"https:\\\/\\\/webtube.kritisches.net\\\/?page_id=68#breadcrumb\",\"itemListElement\":[{\"@type\":\"ListItem\",\"position\":1,\"name\":\"Startseite\",\"item\":\"https:\\\/\\\/webtube.kritisches.net\\\/\"},{\"@type\":\"ListItem\",\"position\":2,\"name\":\"Social Links\"}]},{\"@type\":\"WebSite\",\"@id\":\"https:\\\/\\\/webtube.kritisches.net\\\/#website\",\"url\":\"https:\\\/\\\/webtube.kritisches.net\\\/\",\"name\":\"WebTube Kritisches Netzwerk\",\"description\":\"Videosammlung\",\"potentialAction\":[{\"@type\":\"SearchAction\",\"target\":{\"@type\":\"EntryPoint\",\"urlTemplate\":\"https:\\\/\\\/webtube.kritisches.net\\\/?s={search_term_string}\"},\"query-input\":{\"@type\":\"PropertyValueSpecification\",\"valueRequired\":true,\"valueName\":\"search_term_string\"}}],\"inLanguage\":\"de\"}]}<\/script>\n<!-- \/ Yoast SEO plugin. -->","yoast_head_json":{"title":"Social Links - WebTube Kritisches Netzwerk","robots":{"index":"index","follow":"follow","max-snippet":"max-snippet:-1","max-image-preview":"max-image-preview:large","max-video-preview":"max-video-preview:-1"},"canonical":"https:\/\/webtube.kritisches.net\/?page_id=68","og_locale":"de_DE","og_type":"article","og_title":"Social Links - WebTube Kritisches Netzwerk","og_description":"Ich bin auch in den sozialen Medien sehr aktiv und m\u00f6chte auch hier gefunden werden: Privates Portfolio https:\/\/ingotrost.de LinkedIn https:\/\/www.linkedin.com\/in&#8230; Twitter jetzt X https:\/\/twitter.com\/&#8230; Instagram https:\/\/www.instagram.com\/&#8230; Pinterest https:\/\/www.pinterest.de\/&#8230; OdySee Videos https:\/\/odysee.com\/&#8230; YouTube Kanal https:\/\/www.youtube.com\/&#8230; tumblr https:\/\/ursache-wirkung.tumblr.com\/ Soundcloud Kanal https:\/\/soundcloud.com\/&#8230; VKontakte https:\/\/vk.com\/Ingo.Trost TELGRAM: Kritisches Netzwerk https:\/\/t.me\/vollekannetrost Diskussionskanal https:\/\/t.me\/kritische_diskurse Ursache &amp; Wirkung https:\/\/t.me\/ursacheundwirkung","og_url":"https:\/\/webtube.kritisches.net\/?page_id=68","og_site_name":"WebTube Kritisches Netzwerk","article_modified_time":"2025-08-08T21:04:59+00:00","og_image":[{"width":512,"height":512,"url":"https:\/\/webtube.kritisches.net\/wp-content\/uploads\/social-media-links.png","type":"image\/png"}],"twitter_card":"summary_large_image","twitter_misc":{"Gesch\u00e4tzte Lesezeit":"4\u00a0Minuten"},"schema":{"@context":"https:\/\/schema.org","@graph":[{"@type":"WebPage","@id":"https:\/\/webtube.kritisches.net\/?page_id=68","url":"https:\/\/webtube.kritisches.net\/?page_id=68","name":"Social Links - WebTube Kritisches Netzwerk","isPartOf":{"@id":"https:\/\/webtube.kritisches.net\/#website"},"primaryImageOfPage":{"@id":"https:\/\/webtube.kritisches.net\/?page_id=68#primaryimage"},"image":{"@id":"https:\/\/webtube.kritisches.net\/?page_id=68#primaryimage"},"thumbnailUrl":"https:\/\/i0.wp.com\/webtube.kritisches.net\/wp-content\/uploads\/social-media-links.png?fit=512%2C512&ssl=1","datePublished":"2023-09-20T08:56:15+00:00","dateModified":"2025-08-08T21:04:59+00:00","breadcrumb":{"@id":"https:\/\/webtube.kritisches.net\/?page_id=68#breadcrumb"},"inLanguage":"de","potentialAction":[{"@type":"ReadAction","target":["https:\/\/webtube.kritisches.net\/?page_id=68"]}]},{"@type":"ImageObject","inLanguage":"de","@id":"https:\/\/webtube.kritisches.net\/?page_id=68#primaryimage","url":"https:\/\/i0.wp.com\/webtube.kritisches.net\/wp-content\/uploads\/social-media-links.png?fit=512%2C512&ssl=1","contentUrl":"https:\/\/i0.wp.com\/webtube.kritisches.net\/wp-content\/uploads\/social-media-links.png?fit=512%2C512&ssl=1","width":512,"height":512},{"@type":"BreadcrumbList","@id":"https:\/\/webtube.kritisches.net\/?page_id=68#breadcrumb","itemListElement":[{"@type":"ListItem","position":1,"name":"Startseite","item":"https:\/\/webtube.kritisches.net\/"},{"@type":"ListItem","position":2,"name":"Social Links"}]},{"@type":"WebSite","@id":"https:\/\/webtube.kritisches.net\/#website","url":"https:\/\/webtube.kritisches.net\/","name":"WebTube Kritisches Netzwerk","description":"Videosammlung","potentialAction":[{"@type":"SearchAction","target":{"@type":"EntryPoint","urlTemplate":"https:\/\/webtube.kritisches.net\/?s={search_term_string}"},"query-input":{"@type":"PropertyValueSpecification","valueRequired":true,"valueName":"search_term_string"}}],"inLanguage":"de"}]}},"jetpack-related-posts":[{"id":48,"url":"https:\/\/webtube.kritisches.net\/?page_id=48","url_meta":{"origin":68,"position":0},"title":"Impressum","author":"Ingo Trost","date":"20. September 2023","format":false,"excerpt":"Angaben gem\u00e4\u00df \u00a7 5 TMG: Kritisches Netzwerk auf \"webtube.kritisches.net\"Ingo TrostPappelweg 753757 Sankt Augustin Kontakt: Telefon:wird nicht ver\u00f6ffentlicht!E-Mail:info[at]kritisches[dot]net Verantwortlich f\u00fcr den Inhalt nach \u00a7 55 Abs. 2 RStV: Da hier mehrere Personen schreiben und publizieren, sind die jeweiligen Autoren f\u00fcr deren Inhalte verantwortlich! Quelle:\u00a0eRecht24 Haftungsausschluss (Disclaimer) Haftung f\u00fcr Inhalte Als Diensteanbieter\u2026","rel":"","context":"\u00c4hnlicher Beitrag","block_context":{"text":"\u00c4hnlicher Beitrag","link":""},"img":{"alt_text":"","src":"https:\/\/i0.wp.com\/webtube.kritisches.net\/wp-content\/uploads\/2023\/09\/header_impressum.jpg?fit=1160%2C220&ssl=1&resize=350%2C200","width":350,"height":200,"srcset":"https:\/\/i0.wp.com\/webtube.kritisches.net\/wp-content\/uploads\/2023\/09\/header_impressum.jpg?fit=1160%2C220&ssl=1&resize=350%2C200 1x, https:\/\/i0.wp.com\/webtube.kritisches.net\/wp-content\/uploads\/2023\/09\/header_impressum.jpg?fit=1160%2C220&ssl=1&resize=525%2C300 1.5x, https:\/\/i0.wp.com\/webtube.kritisches.net\/wp-content\/uploads\/2023\/09\/header_impressum.jpg?fit=1160%2C220&ssl=1&resize=700%2C400 2x, https:\/\/i0.wp.com\/webtube.kritisches.net\/wp-content\/uploads\/2023\/09\/header_impressum.jpg?fit=1160%2C220&ssl=1&resize=1050%2C600 3x"},"classes":[]},{"id":3,"url":"https:\/\/webtube.kritisches.net\/?page_id=3","url_meta":{"origin":68,"position":1},"title":"Datenschutzerkl\u00e4rung","author":"Ingo Trost","date":"20. September 2023","format":false,"excerpt":"1. Datenschutz auf einen Blick Allgemeine Hinweise Die folgenden Hinweise geben einen einfachen \u00dcberblick dar\u00fcber, was mit Ihren personenbezogenen Daten passiert, wenn Sie diese Website besuchen. Personenbezogene Daten sind alle Daten, mit denen Sie pers\u00f6nlich identifiziert werden k\u00f6nnen. Ausf\u00fchrliche Informationen zum Thema Datenschutz entnehmen Sie unserer unter diesem Text aufgef\u00fchrten\u2026","rel":"","context":"\u00c4hnlicher Beitrag","block_context":{"text":"\u00c4hnlicher Beitrag","link":""},"img":{"alt_text":"","src":"https:\/\/i0.wp.com\/webtube.kritisches.net\/wp-content\/uploads\/2023\/09\/Datensicherheit-und-Datensicherung.jpg?fit=1200%2C737&ssl=1&resize=350%2C200","width":350,"height":200,"srcset":"https:\/\/i0.wp.com\/webtube.kritisches.net\/wp-content\/uploads\/2023\/09\/Datensicherheit-und-Datensicherung.jpg?fit=1200%2C737&ssl=1&resize=350%2C200 1x, https:\/\/i0.wp.com\/webtube.kritisches.net\/wp-content\/uploads\/2023\/09\/Datensicherheit-und-Datensicherung.jpg?fit=1200%2C737&ssl=1&resize=525%2C300 1.5x, https:\/\/i0.wp.com\/webtube.kritisches.net\/wp-content\/uploads\/2023\/09\/Datensicherheit-und-Datensicherung.jpg?fit=1200%2C737&ssl=1&resize=700%2C400 2x, https:\/\/i0.wp.com\/webtube.kritisches.net\/wp-content\/uploads\/2023\/09\/Datensicherheit-und-Datensicherung.jpg?fit=1200%2C737&ssl=1&resize=1050%2C600 3x"},"classes":[]}],"jetpack_sharing_enabled":true,"_links":{"self":[{"href":"https:\/\/webtube.kritisches.net\/index.php?rest_route=\/wp\/v2\/pages\/68","targetHints":{"allow":["GET"]}}],"collection":[{"href":"https:\/\/webtube.kritisches.net\/index.php?rest_route=\/wp\/v2\/pages"}],"about":[{"href":"https:\/\/webtube.kritisches.net\/index.php?rest_route=\/wp\/v2\/types\/page"}],"author":[{"embeddable":true,"href":"https:\/\/webtube.kritisches.net\/index.php?rest_route=\/wp\/v2\/users\/1"}],"replies":[{"embeddable":true,"href":"https:\/\/webtube.kritisches.net\/index.php?rest_route=%2Fwp%2Fv2%2Fcomments&post=68"}],"version-history":[{"count":4,"href":"https:\/\/webtube.kritisches.net\/index.php?rest_route=\/wp\/v2\/pages\/68\/revisions"}],"predecessor-version":[{"id":418,"href":"https:\/\/webtube.kritisches.net\/index.php?rest_route=\/wp\/v2\/pages\/68\/revisions\/418"}],"wp:featuredmedia":[{"embeddable":true,"href":"https:\/\/webtube.kritisches.net\/index.php?rest_route=\/wp\/v2\/media\/69"}],"wp:attachment":[{"href":"https:\/\/webtube.kritisches.net\/index.php?rest_route=%2Fwp%2Fv2%2Fmedia&parent=68"}],"curies":[{"name":"wp","href":"https:\/\/api.w.org\/{rel}","templated":true}]}}